{"id":575,"date":"2015-05-24T01:17:51","date_gmt":"2015-05-23T22:17:51","guid":{"rendered":"http:\/\/math.utu.fi\/automata2015\/?page_id=575"},"modified":"2015-06-29T17:43:28","modified_gmt":"2015-06-29T14:43:28","slug":"program","status":"publish","type":"page","link":"https:\/\/math.utu.fi\/automata2015\/program\/","title":{"rendered":"Program and Slides"},"content":{"rendered":"<p><a href=\"#monday\">Monday<\/a>\u00a0|\u00a0<a href=\"#tuesday\">Tuesday<\/a>\u00a0| <a href=\"#wednesday\">Wednesday<\/a><\/p>\n<p><span style=\"background-color: #ff196b;width: 5px;margin-bottom: 3px\">\u00a0 <\/span> \u00a0 Invited talk<br \/>\n<span style=\"background-color: #7030a0;width: 5px;margin-bottom: 3px\">\u00a0 <\/span> \u00a0 Full paper<br \/>\n<span style=\"background-color: #00b0f0;width: 5px;margin-bottom: 3px\">\u00a0 <\/span> \u00a0 Exploratory paper<\/p>\n<h3 id=\"monday\">Monday 8.6.<\/h3>\n<table class=\"t1\" cellspacing=\"0\" cellpadding=\"0\">\n<tbody>\n<tr>\n<td class=\"td1\" style=\"text-align: center\" width=\"50px\">\n<p class=\"p2\" style=\"margin-bottom: 2px\">8:45<\/p>\n<\/td>\n<td class=\"td2\" style=\"padding: 0\" width=\"5px\"><\/td>\n<td class=\"td3\">\n<p class=\"p4\" style=\"margin-bottom: 2px\">Registration opens<\/p>\n<\/td>\n<\/tr>\n<tr>\n<td class=\"td1\" style=\"text-align: center\">\n<p class=\"p2\" style=\"margin-bottom: 2px\">9:20<\/p>\n<p class=\"p6\" style=\"margin-bottom: 2px;color: gray;font-size: small\">10 min<\/p>\n<\/td>\n<td class=\"td2\" style=\"padding: 0\"><\/td>\n<td class=\"td3\">\n<p class=\"p4\" style=\"margin-bottom: 2px\">Opening of AUTOMATA 2015<\/p>\n<p class=\"p4\" style=\"margin-bottom: 2px\"><span class=\"s1\"><i>by rector <\/i><\/span><b>Kalervo V\u00e4\u00e4n\u00e4nen<\/b><\/p>\n<\/td>\n<\/tr>\n<tr>\n<td class=\"td1\" style=\"text-align: center\">\n<p class=\"p2\" style=\"margin-bottom: 2px\">9:30<\/p>\n<p class=\"p6\" style=\"margin-bottom: 2px;color: gray;font-size: small\">1h<\/p>\n<\/td>\n<td class=\"td2\" style=\"padding: 0\" bgcolor=\"#ff196b\"><\/td>\n<td class=\"td3\">\n<p class=\"p4\" style=\"margin-bottom: 2px\"><i>Invited talk<\/i><\/p>\n<p class=\"p4\" style=\"margin-bottom: 2px\"><b>Andreas Deutsch<\/b><\/p>\n<p class=\"p8\" style=\"margin-bottom: 2px\"><a href=\"http:\/\/users.utu.fi\/jkari\/automata2015\/automata-turku-2015.pdf\">Cellular automaton models for collective cell behavior<\/a><\/p>\n<\/td>\n<\/tr>\n<tr>\n<td class=\"td1\" style=\"text-align: center\">\n<p class=\"p2\" style=\"margin-bottom: 2px\">10:30<\/p>\n<p class=\"p6\" style=\"margin-bottom: 2px;color: gray;font-size: small\">30 min<\/p>\n<\/td>\n<td class=\"td2\" style=\"padding: 0\"><\/td>\n<td class=\"td3\">\n<p class=\"p4\" style=\"margin-bottom: 2px\">Coffee break<\/p>\n<\/td>\n<\/tr>\n<tr>\n<td class=\"td1\" style=\"text-align: center\">\n<p class=\"p2\" style=\"margin-bottom: 2px\">11:00<\/p>\n<p class=\"p6\" style=\"margin-bottom: 2px;color: gray;font-size: small\">30 min<\/p>\n<\/td>\n<td class=\"td2\" style=\"padding: 0\" bgcolor=\"#7030a0\"><\/td>\n<td class=\"td3\">\n<p class=\"p4\" style=\"margin-bottom: 2px\"><b>Siamak Taati<\/b><\/p>\n<p class=\"p8\" style=\"margin-bottom: 2px\"><a href=\"http:\/\/math.utu.fi\/automata2015\/wp-content\/uploads\/sites\/5\/2015\/06\/siamak.pdf\">Restricted density classification in one dimension<\/a><\/p>\n<\/td>\n<\/tr>\n<tr>\n<td class=\"td1\" style=\"text-align: center\">\n<p class=\"p2\" style=\"margin-bottom: 2px\">11:30<\/p>\n<p class=\"p6\" style=\"margin-bottom: 2px;color: gray;font-size: small\">30 min<\/p>\n<\/td>\n<td class=\"td2\" style=\"padding: 0\" bgcolor=\"#7030a0\"><\/td>\n<td class=\"td3\">\n<p class=\"p4\" style=\"margin-bottom: 2px\"><b>Nazim Fat\u00e8s<\/b><\/p>\n<p class=\"p8\" style=\"margin-bottom: 2px\"><a href=\"http:\/\/math.utu.fi\/automata2015\/wp-content\/uploads\/sites\/5\/2015\/05\/Fates.pdf\">Remarks on the cellular automaton global synchronisation problem<\/a><\/p>\n<\/td>\n<\/tr>\n<tr>\n<td class=\"td1\" style=\"text-align: center\">\n<p class=\"p2\" style=\"margin-bottom: 2px\">12:00<\/p>\n<p class=\"p6\" style=\"margin-bottom: 2px;color: gray;font-size: small\">30 min<\/p>\n<\/td>\n<td class=\"td2\" style=\"padding: 0\" bgcolor=\"#7030a0\"><\/td>\n<td class=\"td3\">\n<p class=\"p4\" style=\"margin-bottom: 2px\"><b>Martins, de Oliveira<\/b><\/p>\n<p class=\"p8\" style=\"margin-bottom: 2px\"><a href=\"http:\/\/users.utu.fi\/jkari\/automata2015\/MODn%20AUTOMATA%202015%2006%2002.pptx\">Merging cellular automata rules to optimise a solution to the modulo-n problem<\/a><\/p>\n<\/td>\n<\/tr>\n<tr>\n<td class=\"td1\" style=\"text-align: center\">\n<p class=\"p2\" style=\"margin-bottom: 2px\">12:30<\/p>\n<p class=\"p6\" style=\"margin-bottom: 2px;color: gray;font-size: small\">1h<\/p>\n<\/td>\n<td class=\"td2\" style=\"padding: 0\"><\/td>\n<td class=\"td3\">\n<p class=\"p4\" style=\"margin-bottom: 2px\">Lunch<\/p>\n<\/td>\n<\/tr>\n<tr>\n<td class=\"td1\" style=\"text-align: center\">\n<p class=\"p2\" style=\"margin-bottom: 2px\">13:30<\/p>\n<p class=\"p6\" style=\"margin-bottom: 2px;color: gray;font-size: small\">1h<\/p>\n<\/td>\n<td class=\"td2\" style=\"padding: 0\" bgcolor=\"#ff196b\"><\/td>\n<td class=\"td3\">\n<p class=\"p4\" style=\"margin-bottom: 2px\"><i>Invited talk<\/i><\/p>\n<p class=\"p4\" style=\"margin-bottom: 2px\"><b>Luke Schaeffer<\/b><\/p>\n<p class=\"p8\" style=\"margin-bottom: 2px\"><a href=\"http:\/\/math.utu.fi\/automata2015\/wp-content\/uploads\/sites\/5\/2015\/06\/turkuautomata2.pdf\">A physically universal quantum cellular automaton<\/a><\/p>\n<\/td>\n<\/tr>\n<tr>\n<td class=\"td1\" style=\"text-align: center\">\n<p class=\"p2\" style=\"margin-bottom: 2px\">14:30<\/p>\n<p class=\"p6\" style=\"margin-bottom: 2px;color: gray;font-size: small\">30 min<\/p>\n<\/td>\n<td class=\"td2\" style=\"padding: 0\"><\/td>\n<td class=\"td3\">\n<p class=\"p4\" style=\"margin-bottom: 2px\">Coffee break<\/p>\n<\/td>\n<\/tr>\n<tr>\n<td class=\"td1\" style=\"text-align: center\">\n<p class=\"p2\" style=\"margin-bottom: 2px\">15:00<\/p>\n<p class=\"p6\" style=\"margin-bottom: 2px;color: gray;font-size: small\">30 min<\/p>\n<\/td>\n<td class=\"td2\" style=\"padding: 0\" bgcolor=\"#7030a0\"><\/td>\n<td class=\"td3\">\n<p class=\"p4\" style=\"margin-bottom: 2px\"><b>Kari Eloranta<\/b><\/p>\n<p class=\"p8\" style=\"margin-bottom: 2px\"><a href=\"http:\/\/math.utu.fi\/automata2015\/wp-content\/uploads\/sites\/5\/2015\/06\/TurkuCA.pdf\">Hard Core via PCA: entropy bounds<\/a><\/p>\n<\/td>\n<\/tr>\n<tr>\n<td class=\"td1\" style=\"text-align: center\">\n<p class=\"p2\" style=\"margin-bottom: 2px\">15:30<\/p>\n<p class=\"p6\" style=\"margin-bottom: 2px;color: gray;font-size: small\">30 min<\/p>\n<\/td>\n<td class=\"td2\" style=\"padding: 0\" bgcolor=\"#7030a0\"><\/td>\n<td class=\"td3\">\n<p class=\"p4\" style=\"margin-bottom: 2px\"><b>Maldonado,<\/b> <b>Moreira, Gajardo<\/b><\/p>\n<p class=\"p8\" style=\"margin-bottom: 2px\"><a href=\"http:\/\/math.utu.fi\/automata2015\/wp-content\/uploads\/sites\/5\/2015\/06\/A2015-DM.pdf\">Universal time-symmetric number-conserving cellular automaton<\/a><\/p>\n<\/td>\n<\/tr>\n<tr>\n<td class=\"td1\" style=\"text-align: center\">\n<p class=\"p2\" style=\"margin-bottom: 2px\">16:00<\/p>\n<p class=\"p6\" style=\"margin-bottom: 2px;color: gray;font-size: small\">30 min<\/p>\n<\/td>\n<td class=\"td2\" style=\"padding: 0\" bgcolor=\"#7030a0\"><\/td>\n<td class=\"td3\">\n<p class=\"p4\" style=\"margin-bottom: 2px\"><b>Cook, Larsson, Neary<\/b><\/p>\n<p class=\"p8\" style=\"margin-bottom: 2px\">A cellular automaton for blocking queen games<\/p>\n<\/td>\n<\/tr>\n<tr>\n<td class=\"td1\" style=\"text-align: center\">\n<p class=\"p2\" style=\"margin-bottom: 2px\">16:30<\/p>\n<p class=\"p6\" style=\"margin-bottom: 2px;color: gray;font-size: small\">15 min<\/p>\n<\/td>\n<td class=\"td2\" style=\"padding: 0\"><\/td>\n<td class=\"td3\">\n<p class=\"p4\" style=\"margin-bottom: 2px\">Break<\/p>\n<\/td>\n<\/tr>\n<tr>\n<td class=\"td1\" style=\"text-align: center\">\n<p class=\"p2\" style=\"margin-bottom: 2px\">16:45<\/p>\n<p class=\"p6\" style=\"margin-bottom: 2px;color: gray;font-size: small\">15 min<\/p>\n<\/td>\n<td class=\"td2\" style=\"padding: 0\" bgcolor=\"#00b0f0\"><\/td>\n<td class=\"td3\">\n<p class=\"p4\" style=\"margin-bottom: 2px\"><b>Bo\u0142t, Dembowski, Baetens, De Baets<\/b><\/p>\n<p class=\"p8\" style=\"margin-bottom: 2px\"><a href=\"http:\/\/users.utu.fi\/jkari\/automata2015\/wbolt-automata2015-slides.pdf\">Solving the density classification problem by means of continuous cellular automata<\/a><\/p>\n<\/td>\n<\/tr>\n<tr>\n<td class=\"td1\" style=\"text-align: center\">\n<p class=\"p2\" style=\"margin-bottom: 2px\">17:00<\/p>\n<p class=\"p6\" style=\"margin-bottom: 2px;color: gray;font-size: small\">15 min<\/p>\n<\/td>\n<td class=\"td2\" style=\"padding: 0\" bgcolor=\"#00b0f0\"><\/td>\n<td class=\"td3\">\n<p class=\"p4\" style=\"margin-bottom: 2px\"><b>Garc\u00eda V\u00e1zquez, Sancho Caparrini<\/b><\/p>\n<p class=\"p8\" style=\"margin-bottom: 2px\"><a href=\"http:\/\/users.utu.fi\/jkari\/automata2015\/presentacion.pdf\">Dynamic behavior of a non-local totalistic cellular automaton<\/a><\/p>\n<\/td>\n<\/tr>\n<tr>\n<td class=\"td1\" style=\"text-align: center\">\n<p class=\"p2\" style=\"margin-bottom: 2px\">17:15<\/p>\n<p class=\"p6\" style=\"margin-bottom: 2px;color: gray;font-size: small\">15 min<\/p>\n<\/td>\n<td class=\"td2\" style=\"padding: 0\" bgcolor=\"#00b0f0\"><\/td>\n<td class=\"td3\">\n<p class=\"p4\" style=\"margin-bottom: 2px\"><b>Adams, Zenil,<\/b> <b>Hermo Reyes, Joosten<\/b><\/p>\n<p class=\"p8\" style=\"margin-bottom: 2px\"><a href=\"http:\/\/users.utu.fi\/jkari\/automata2015\/InteractingCAs.pdf\">Effects of a global rule on interacting cellular automata<\/a><\/p>\n<\/td>\n<\/tr>\n<tr>\n<td class=\"td1\" style=\"text-align: center\">\n<p class=\"p2\" style=\"margin-bottom: 2px\">17:30<\/p>\n<p class=\"p6\" style=\"margin-bottom: 2px;color: gray;font-size: small\">15 min<\/p>\n<\/td>\n<td class=\"td2\" style=\"padding: 0\" bgcolor=\"#00b0f0\"><\/td>\n<td class=\"td3\">\n<p class=\"p4\" style=\"margin-bottom: 2px\"><b>Fuk\u015b, Midgley-Volpato<\/b><\/p>\n<p class=\"p8\" style=\"margin-bottom: 2px\"><a href=\"http:\/\/math.utu.fi\/automata2015\/wp-content\/uploads\/sites\/5\/2015\/06\/HenrykFuks-Automata2015.pdf\">An example of degenerate hyperbolicity in a cellular automaton with 3 states<\/a><\/p>\n<\/td>\n<\/tr>\n<tr>\n<td class=\"td1\" style=\"text-align: center\">\n<p class=\"p2\" style=\"margin-bottom: 2px\">18:00<\/p>\n<\/td>\n<td class=\"td2\" style=\"padding: 0\"><\/td>\n<td class=\"td3\">\n<p class=\"p4\" style=\"margin-bottom: 2px\">Welcoming toast by the city of Turku<\/p>\n<\/td>\n<\/tr>\n<\/tbody>\n<\/table>\n<h3 id=\"tuesday\">Tuesday 9.6.<\/h3>\n<table class=\"t1\" cellspacing=\"0\" cellpadding=\"0\">\n<tbody>\n<tr>\n<td class=\"td1\" style=\"text-align: center\" width=\"50px\">\n<p class=\"p2\" style=\"margin-bottom: 2px\">9:30<\/p>\n<p class=\"p6\" style=\"margin-bottom: 2px;color: gray;font-size: small\">1h<\/p>\n<\/td>\n<td class=\"td2\" style=\"padding: 0\" bgcolor=\"#ff196b\" width=\"5px\"><\/td>\n<td class=\"td3\">\n<p class=\"p4\" style=\"margin-bottom: 2px\"><i>Invited talk<\/i><\/p>\n<p class=\"p4\" style=\"margin-bottom: 2px\"><b>Ville Salo<\/b><\/p>\n<p class=\"p8\" style=\"margin-bottom: 2px\"><a href=\"http:\/\/users.utu.fi\/jkari\/automata2015\/InvitedTalk.pdf\">Groups and monoids of cellular automata<\/a><\/p>\n<\/td>\n<\/tr>\n<tr>\n<td class=\"td1\" style=\"text-align: center\">\n<p class=\"p2\" style=\"margin-bottom: 2px\">10:30<\/p>\n<p class=\"p6\" style=\"margin-bottom: 2px;color: gray;font-size: small\">30 min<\/p>\n<\/td>\n<td class=\"td2\" style=\"padding: 0\"><\/td>\n<td class=\"td3\">\n<p class=\"p4\" style=\"margin-bottom: 2px\">Coffee break<\/p>\n<\/td>\n<\/tr>\n<tr>\n<td class=\"td1\" style=\"text-align: center\">\n<p class=\"p2\" style=\"margin-bottom: 2px\">11:00<\/p>\n<p class=\"p6\" style=\"margin-bottom: 2px;color: gray;font-size: small\">30 min<\/p>\n<\/td>\n<td class=\"td2\" style=\"padding: 0\" bgcolor=\"#7030a0\"><\/td>\n<td class=\"td3\">\n<p class=\"p4\" style=\"margin-bottom: 2px\"><b>Norman Margolus<\/b><\/p>\n<p class=\"p8\" style=\"margin-bottom: 2px\"><a href=\"http:\/\/users.utu.fi\/jkari\/automata2015\/Turku-Talk.pdf\">The ideal energy of classical lattice dynamics<\/a><\/p>\n<\/td>\n<\/tr>\n<tr>\n<td class=\"td1\" style=\"text-align: center\">\n<p class=\"p2\" style=\"margin-bottom: 2px\">11:30<\/p>\n<p class=\"p6\" style=\"margin-bottom: 2px;color: gray;font-size: small\">30 min<\/p>\n<\/td>\n<td class=\"td2\" style=\"padding: 0\" bgcolor=\"#7030a0\"><\/td>\n<td class=\"td3\">\n<p class=\"p4\" style=\"margin-bottom: 2px\"><b>Adiga, Kuhlman, Mortveit, Wu<\/b><\/p>\n<p class=\"p8\" style=\"margin-bottom: 2px\"><a href=\"http:\/\/math.utu.fi\/automata2015\/wp-content\/uploads\/sites\/5\/2015\/06\/automata-2015-block-seq.pdf\">Effect of graph structure on the limit sets of threshold dynamical systems<\/a><\/p>\n<\/td>\n<\/tr>\n<tr>\n<td class=\"td1\" style=\"text-align: center\">\n<p class=\"p2\" style=\"margin-bottom: 2px\">12:00<\/p>\n<p class=\"p6\" style=\"margin-bottom: 2px;color: gray;font-size: small\">30 min<\/p>\n<\/td>\n<td class=\"td2\" style=\"padding: 0\" bgcolor=\"#7030a0\"><\/td>\n<td class=\"td3\">\n<p class=\"p4\" style=\"margin-bottom: 2px\"><b>Adiga, Galyean, Kuhlman, Levet, Mortveit, Wu<\/b><\/p>\n<p class=\"p8\" style=\"margin-bottom: 2px\"><a href=\"http:\/\/math.utu.fi\/automata2015\/wp-content\/uploads\/sites\/5\/2015\/06\/automata-2015-activity.pdf\">Network structure and activity in Boolean networks<\/a><\/p>\n<\/td>\n<\/tr>\n<tr>\n<td class=\"td1\" style=\"text-align: center\">\n<p class=\"p2\" style=\"margin-bottom: 2px\">12:30<\/p>\n<\/td>\n<td class=\"td2\" style=\"padding: 0\"><\/td>\n<td class=\"td3\">\n<p class=\"p4\" style=\"margin-bottom: 2px\">Lunch<\/p>\n<\/td>\n<\/tr>\n<tr>\n<td class=\"td1\" style=\"text-align: center\">\n<p class=\"p2\" style=\"margin-bottom: 2px\">15:00<\/p>\n<\/td>\n<td class=\"td2\" style=\"padding: 0\"><\/td>\n<td class=\"td3\">\n<p class=\"p4\" style=\"margin-bottom: 2px\">Excursion to Herrankukkaro<\/p>\n<p class=\"p4\" style=\"margin-bottom: 2px\">Sauna and swimming<\/p>\n<p class=\"p4\" style=\"margin-bottom: 2px\">Conference dinner<\/p>\n<\/td>\n<\/tr>\n<tr>\n<td class=\"td1\" style=\"text-align: center\">\n<p class=\"p2\" style=\"margin-bottom: 2px\">22:45<\/p>\n<\/td>\n<td class=\"td2\" style=\"padding: 0\"><\/td>\n<td class=\"td3\">\n<p class=\"p4\" style=\"margin-bottom: 2px\">Back in Turku<\/p>\n<\/td>\n<\/tr>\n<\/tbody>\n<\/table>\n<h3 id=\"wednesday\">Wednesday 10.6.<\/h3>\n<table class=\"t1\" cellspacing=\"0\" cellpadding=\"0\">\n<tbody>\n<tr>\n<td class=\"td1\" style=\"text-align: center\" width=\"50px\">\n<p class=\"p2\" style=\"margin-bottom: 2px\">9:30<\/p>\n<p class=\"p6\" style=\"margin-bottom: 2px;color: gray;font-size: small\">1h<\/p>\n<\/td>\n<td class=\"td2\" style=\"padding: 0\" bgcolor=\"#ff196b\" width=\"5px\"><\/td>\n<td class=\"td3\">\n<p class=\"p4\" style=\"margin-bottom: 2px\"><i>Invited talk<\/i><\/p>\n<p class=\"p4\" style=\"margin-bottom: 2px\"><b>Turlough Neary<\/b><\/p>\n<p class=\"p8\" style=\"margin-bottom: 2px\">Tag systems and the complexity of simple programs<\/p>\n<\/td>\n<\/tr>\n<tr>\n<td class=\"td1\" style=\"text-align: center\">\n<p class=\"p2\" style=\"margin-bottom: 2px\">10:30<\/p>\n<p class=\"p6\" style=\"margin-bottom: 2px;color: gray;font-size: small\">30 min<\/p>\n<\/td>\n<td class=\"td2\" style=\"padding: 0\"><\/td>\n<td class=\"td3\">\n<p class=\"p4\" style=\"margin-bottom: 2px\">Coffee break<\/p>\n<\/td>\n<\/tr>\n<tr>\n<td class=\"td1\" style=\"text-align: center\">\n<p class=\"p2\" style=\"margin-bottom: 2px\">11:00<\/p>\n<p class=\"p6\" style=\"margin-bottom: 2px;color: gray;font-size: small\">30 min<\/p>\n<\/td>\n<td class=\"td2\" style=\"padding: 0\" bgcolor=\"#7030a0\"><\/td>\n<td class=\"td3\">\n<p class=\"p4\" style=\"margin-bottom: 2px\"><b>V\u00e9ronique Terrier<\/b><\/p>\n<p class=\"p8\" style=\"margin-bottom: 2px\"><a href=\"http:\/\/math.utu.fi\/automata2015\/wp-content\/uploads\/sites\/5\/2015\/06\/linSlenderPres.pdf\">Recognition of linear-slender context-free languages by real time one-way cellular automata<\/a><\/p>\n<\/td>\n<\/tr>\n<tr>\n<td class=\"td1\" style=\"text-align: center\">\n<p class=\"p2\" style=\"margin-bottom: 2px\">11:30<\/p>\n<p class=\"p6\" style=\"margin-bottom: 2px;color: gray;font-size: small\">30 min<\/p>\n<\/td>\n<td class=\"td2\" style=\"padding: 0\" bgcolor=\"#7030a0\"><\/td>\n<td class=\"td3\">\n<p class=\"p4\" style=\"margin-bottom: 2px\"><b>Kutrib, Malcher, Wendlandt<\/b><\/p>\n<p class=\"p8\" style=\"margin-bottom: 2px\"><a href=\"http:\/\/math.utu.fi\/automata2015\/wp-content\/uploads\/sites\/5\/2015\/06\/talk-malcher.pdf\">Shrinking one-way cellular automata<\/a><\/p>\n<\/td>\n<\/tr>\n<tr>\n<td class=\"td1\" style=\"text-align: center\">\n<p class=\"p2\" style=\"margin-bottom: 2px\">12:00<\/p>\n<p class=\"p6\" style=\"margin-bottom: 2px;color: gray;font-size: small\">30 min<\/p>\n<\/td>\n<td class=\"td2\" style=\"padding: 0\" bgcolor=\"#7030a0\"><\/td>\n<td class=\"td3\">\n<p class=\"p4\" style=\"margin-bottom: 2px\"><b>Grandjean, Poupet<\/b><\/p>\n<p class=\"p8\" style=\"margin-bottom: 2px\"><a href=\"http:\/\/users.utu.fi\/jkari\/automata2015\/Grandjean.pdf\">L-Convex polyominoes are recognizable in real time by 2D cellular automata<\/a><\/p>\n<\/td>\n<\/tr>\n<tr>\n<td class=\"td1\" style=\"text-align: center\">\n<p class=\"p2\" style=\"margin-bottom: 2px\">12:30<\/p>\n<p class=\"p6\" style=\"margin-bottom: 2px;color: gray;font-size: small\">1h<\/p>\n<\/td>\n<td class=\"td2\" style=\"padding: 0\"><\/td>\n<td class=\"td3\">\n<p class=\"p4\" style=\"margin-bottom: 2px\">Lunch<\/p>\n<\/td>\n<\/tr>\n<tr>\n<td class=\"td1\" style=\"text-align: center\">\n<p class=\"p2\" style=\"margin-bottom: 2px\">13:30<\/p>\n<p class=\"p6\" style=\"margin-bottom: 2px;color: gray;font-size: small\">15 min<\/p>\n<\/td>\n<td class=\"td2\" style=\"padding: 0\" bgcolor=\"#00b0f0\"><\/td>\n<td class=\"td3\">\n<p class=\"p4\" style=\"margin-bottom: 2px\"><b>Autran, Formenti, Provillard<\/b><\/p>\n<p class=\"p8\" style=\"margin-bottom: 2px\"><a href=\"http:\/\/math.utu.fi\/automata2015\/wp-content\/uploads\/sites\/5\/2015\/06\/Talk-autran.pdf\">More decision algorithms for global properties of 1D CA<\/a><\/p>\n<\/td>\n<\/tr>\n<tr>\n<td class=\"td1\" style=\"text-align: center\">\n<p class=\"p2\" style=\"margin-bottom: 2px\">13:45<\/p>\n<p class=\"p6\" style=\"margin-bottom: 2px;color: gray;font-size: small\">15 min<\/p>\n<\/td>\n<td class=\"td2\" style=\"padding: 0\" bgcolor=\"#00b0f0\"><\/td>\n<td class=\"td3\">\n<p class=\"p4\" style=\"margin-bottom: 2px\"><b>Capobianco, Kari, Taati<\/b><\/p>\n<p class=\"p8\" style=\"margin-bottom: 2px\"><a href=\"http:\/\/math.utu.fi\/automata2015\/wp-content\/uploads\/sites\/5\/2015\/06\/Capobianco.pdf\">Post-surjectivity and balancedness of cellular automata over groups<\/a><\/p>\n<\/td>\n<\/tr>\n<tr>\n<td class=\"td1\" style=\"text-align: center\">\n<p class=\"p2\" style=\"margin-bottom: 2px\">14:00<\/p>\n<p class=\"p6\" style=\"margin-bottom: 2px;color: gray;font-size: small\">15 min<\/p>\n<\/td>\n<td class=\"td2\" style=\"padding: 0\" bgcolor=\"#00b0f0\"><\/td>\n<td class=\"td3\">\n<p class=\"p4\" style=\"margin-bottom: 2px\"><b>Goles, Ollinger, Theyssier<\/b><\/p>\n<p class=\"p8\" style=\"margin-bottom: 2px\"><a href=\"http:\/\/math.utu.fi\/automata2015\/wp-content\/uploads\/sites\/5\/2015\/06\/turku.pdf\">Introducing freezing cellular automata<\/a><\/p>\n<\/td>\n<\/tr>\n<tr>\n<td class=\"td1\" style=\"text-align: center\">\n<p class=\"p2\" style=\"margin-bottom: 2px\">14:15<\/p>\n<p class=\"p6\" style=\"margin-bottom: 2px;color: gray;font-size: small\">15 min<\/p>\n<\/td>\n<td class=\"td2\" style=\"padding: 0\" bgcolor=\"#00b0f0\"><\/td>\n<td class=\"td3\">\n<p class=\"p4\" style=\"margin-bottom: 2px\"><b>Dmitry Zaitsev<\/b><\/p>\n<p class=\"p8\" style=\"margin-bottom: 2px\"><a href=\"http:\/\/users.utu.fi\/jkari\/automata2015\/daze-aut15-slides-new.pdf\">Simulating cellular automata by infinite synchronous Petri nets<\/a><\/p>\n<\/td>\n<\/tr>\n<tr>\n<td class=\"td1\" style=\"text-align: center\">\n<p class=\"p2\" style=\"margin-bottom: 2px\">14:30<\/p>\n<p class=\"p6\" style=\"margin-bottom: 2px;color: gray;font-size: small\">30 min<\/p>\n<\/td>\n<td class=\"td2\" style=\"padding: 0\"><\/td>\n<td class=\"td3\">\n<p class=\"p4\" style=\"margin-bottom: 2px\">Coffee break<\/p>\n<\/td>\n<\/tr>\n<tr>\n<td class=\"td1\" style=\"text-align: center\">\n<p class=\"p2\" style=\"margin-bottom: 2px\">15:00<\/p>\n<p class=\"p6\" style=\"margin-bottom: 2px;color: gray;font-size: small\">30 min<\/p>\n<\/td>\n<td class=\"td2\" style=\"padding: 0\" bgcolor=\"#7030a0\"><\/td>\n<td class=\"td3\">\n<p class=\"p4\" style=\"margin-bottom: 2px\"><b>Salo, T\u00f6rm\u00e4<\/b><\/p>\n<p class=\"p8\" style=\"margin-bottom: 2px\"><a href=\"http:\/\/math.utu.fi\/automata2015\/wp-content\/uploads\/sites\/5\/2015\/06\/GroupWalkerSlides.pdf\">Group-walking automata<\/a><\/p>\n<\/td>\n<\/tr>\n<tr>\n<td class=\"td1\" style=\"text-align: center\">\n<p class=\"p2\" style=\"margin-bottom: 2px\">15:30<\/p>\n<p class=\"p6\" style=\"margin-bottom: 2px;color: gray;font-size: small\">30 min<\/p>\n<\/td>\n<td class=\"td2\" style=\"padding: 0\" bgcolor=\"#7030a0\"><\/td>\n<td class=\"td3\">\n<p class=\"p4\" style=\"margin-bottom: 2px\"><b>Jeremias Epperlein<\/b><\/p>\n<p class=\"p8\" style=\"margin-bottom: 2px\"><a href=\"http:\/\/math.utu.fi\/automata2015\/wp-content\/uploads\/sites\/5\/2015\/06\/talk-automata-2015.pdf\">Classification of elementary cellular automata up to topological conjugacy<\/a><\/p>\n<\/td>\n<\/tr>\n<tr>\n<td class=\"td1\" style=\"text-align: center\">\n<p class=\"p2\" style=\"margin-bottom: 2px\">16:00<\/p>\n<p class=\"p6\" style=\"margin-bottom: 2px;color: gray;font-size: small\">30 min<\/p>\n<\/td>\n<td class=\"td2\" style=\"padding: 0\" bgcolor=\"#7030a0\"><\/td>\n<td class=\"td3\">\n<p class=\"p4\" style=\"margin-bottom: 2px\"><b>Mariot, Leporati<\/b><\/p>\n<p class=\"p8\" style=\"margin-bottom: 2px\"><a href=\"http:\/\/math.utu.fi\/automata2015\/wp-content\/uploads\/sites\/5\/2015\/06\/mariot_talk.pdf\">On the periods of spatially periodic preimages in linear bipermutive cellular automata<\/a><\/p>\n<\/td>\n<\/tr>\n<tr>\n<td class=\"td1\" style=\"text-align: center\">\n<p class=\"p2\" style=\"margin-bottom: 2px\">16:30<\/p>\n<p class=\"p6\" style=\"margin-bottom: 2px;color: gray;font-size: small\">15 min<\/p>\n<\/td>\n<td class=\"td2\" style=\"padding: 0\"><\/td>\n<td class=\"td3\">\n<p class=\"p4\" style=\"margin-bottom: 2px\">Break<\/p>\n<\/td>\n<\/tr>\n<tr>\n<td class=\"td1\" style=\"text-align: center\">\n<p class=\"p2\" style=\"margin-bottom: 2px\">16:45<\/p>\n<p class=\"p6\" style=\"margin-bottom: 2px;color: gray;font-size: small\">15 min<\/p>\n<\/td>\n<td class=\"td2\" style=\"padding: 0\" bgcolor=\"#00b0f0\"><\/td>\n<td class=\"td3\">\n<p class=\"p4\" style=\"margin-bottom: 2px\"><b>Rezki Chemlal<\/b><\/p>\n<p class=\"p8\" style=\"margin-bottom: 2px\"><a href=\"http:\/\/math.utu.fi\/automata2015\/wp-content\/uploads\/sites\/5\/2015\/06\/Chemlal-Rezki-Automata-2015.pdf\">Equicontinuity points and eigenvalues of one-dimensional cellular automata<\/a><\/p>\n<\/td>\n<\/tr>\n<tr>\n<td class=\"td1\" style=\"text-align: center\">\n<p class=\"p2\" style=\"margin-bottom: 2px\">17:00<\/p>\n<p class=\"p6\" style=\"margin-bottom: 2px;color: gray;font-size: small\">15 min<\/p>\n<\/td>\n<td class=\"td2\" style=\"padding: 0\" bgcolor=\"#00b0f0\"><\/td>\n<td class=\"td3\">\n<p class=\"p4\" style=\"margin-bottom: 2px\"><b>Mariusz Bia\u0142ecki<\/b><\/p>\n<p class=\"p8\" style=\"margin-bottom: 2px\"><a href=\"http:\/\/math.utu.fi\/automata2015\/wp-content\/uploads\/sites\/5\/2015\/06\/Automata-2015-TURKU.pdf\">An explanation of the shape of the universal curve of the earthquake recurrence time distributions by means of a cellular automaton model<\/a><\/p>\n<\/td>\n<\/tr>\n<tr>\n<td class=\"td1\" style=\"text-align: center\">\n<p class=\"p2\" style=\"margin-bottom: 2px\">17:15<\/p>\n<p class=\"p6\" style=\"margin-bottom: 2px;color: gray;font-size: small\">15 min<\/p>\n<\/td>\n<td class=\"td2\" style=\"padding: 0\" bgcolor=\"#00b0f0\"><\/td>\n<td class=\"td3\">\n<p class=\"p4\" style=\"margin-bottom: 2px\"><b>Jose, Roy Chowdhury<\/b><\/p>\n<p class=\"p8\" style=\"margin-bottom: 2px\"><a href=\"http:\/\/math.utu.fi\/automata2015\/wp-content\/uploads\/sites\/5\/2015\/06\/AutomataPresentation15-Jimmy.pdf\">Four neighbourhood cellular automata as better cryptographic primitives<\/a><\/p>\n<\/td>\n<\/tr>\n<tr>\n<td class=\"td1\" style=\"text-align: center\">\n<p class=\"p2\" style=\"margin-bottom: 2px\">17:30<\/p>\n<p class=\"p6\" style=\"margin-bottom: 2px;color: gray;font-size: small\">15 min<\/p>\n<\/td>\n<td class=\"td2\" style=\"padding: 0\" bgcolor=\"#00b0f0\"><\/td>\n<td class=\"td3\">\n<p class=\"p4\" style=\"margin-bottom: 2px\"><b>Sengupta, Ghosh, Roy Chowdhury<\/b><\/p>\n<p class=\"p8\" style=\"margin-bottom: 2px\"><a href=\"http:\/\/math.utu.fi\/automata2015\/wp-content\/uploads\/sites\/5\/2015\/06\/automata_31_May.pdf\">Dynamic synthesis and analysis of maximum length linear and nonlinear cellular automata<\/a><\/p>\n<\/td>\n<\/tr>\n<tr>\n<td class=\"td1\" style=\"text-align: center\">\n<p class=\"p2\" style=\"margin-bottom: 2px\">17:45<\/p>\n<p class=\"p6\" style=\"margin-bottom: 2px;color: gray;font-size: small\">15 min<\/p>\n<\/td>\n<td class=\"td2\" style=\"padding: 0\"><\/td>\n<td class=\"td3\">\n<p class=\"p4\" style=\"margin-bottom: 2px\">Closing of AUTOMATA 2015<\/p>\n<\/td>\n<\/tr>\n<\/tbody>\n<\/table>\n","protected":false},"excerpt":{"rendered":"<p>Monday\u00a0|\u00a0Tuesday\u00a0| Wednesday \u00a0 \u00a0 Invited talk \u00a0 \u00a0 Full paper \u00a0 \u00a0 Exploratory paper Monday 8.6. 8:45 Registration opens 9:20 10 min Opening of AUTOMATA 2015 by rector Kalervo V\u00e4\u00e4n\u00e4nen 9:30 1h Invited talk Andreas Deutsch Cellular automaton models for collective cell behavior 10:30 30 min Coffee break 11:00 30 min Siamak Taati Restricted density &hellip; <a href=\"https:\/\/math.utu.fi\/automata2015\/program\/\" class=\"more-link\">Continue reading <span class=\"screen-reader-text\">Program and Slides<\/span> <span class=\"meta-nav\">&rarr;<\/span><\/a><\/p>\n","protected":false},"author":6,"featured_media":0,"parent":0,"menu_order":0,"comment_status":"closed","ping_status":"closed","template":"","meta":{"footnotes":""},"class_list":["post-575","page","type-page","status-publish","hentry"],"_links":{"self":[{"href":"https:\/\/math.utu.fi\/automata2015\/wp-json\/wp\/v2\/pages\/575","targetHints":{"allow":["GET"]}}],"collection":[{"href":"https:\/\/math.utu.fi\/automata2015\/wp-json\/wp\/v2\/pages"}],"about":[{"href":"https:\/\/math.utu.fi\/automata2015\/wp-json\/wp\/v2\/types\/page"}],"author":[{"embeddable":true,"href":"https:\/\/math.utu.fi\/automata2015\/wp-json\/wp\/v2\/users\/6"}],"replies":[{"embeddable":true,"href":"https:\/\/math.utu.fi\/automata2015\/wp-json\/wp\/v2\/comments?post=575"}],"version-history":[{"count":44,"href":"https:\/\/math.utu.fi\/automata2015\/wp-json\/wp\/v2\/pages\/575\/revisions"}],"predecessor-version":[{"id":767,"href":"https:\/\/math.utu.fi\/automata2015\/wp-json\/wp\/v2\/pages\/575\/revisions\/767"}],"wp:attachment":[{"href":"https:\/\/math.utu.fi\/automata2015\/wp-json\/wp\/v2\/media?parent=575"}],"curies":[{"name":"wp","href":"https:\/\/api.w.org\/{rel}","templated":true}]}}