{"id":93,"date":"2014-10-20T11:55:14","date_gmt":"2014-10-20T08:55:14","guid":{"rendered":"http:\/\/math.utu.fi\/automata2015\/?page_id=93"},"modified":"2014-10-23T10:58:51","modified_gmt":"2014-10-23T07:58:51","slug":"committees","status":"publish","type":"page","link":"https:\/\/math.utu.fi\/automata2015\/committees\/","title":{"rendered":"Committees"},"content":{"rendered":"<h4>Program\u00a0committee<\/h4>\n<ul>\n<li>Matthew Cook (Institute of Neuroinformatics, Switzerland)<\/li>\n<li>Nazim Fat\u00e8s (Inria Nancy, France)<\/li>\n<li>Enrico Formenti (Universit\u00e9 Nice Sophia Antipolis, France)<\/li>\n<li>Eric Goles (Adolfo Ib\u00e1\u00f1ez University, Chile)<\/li>\n<li>Jarkko Kari (University of Turku, Finland)<\/li>\n<li>Martin Kutrib\u00a0 (Universit\u00e4t Gie\u00dfen, Germany)<\/li>\n<li>Andreas Malcher (Universit\u00e4t Gie\u00dfen, Germany)<\/li>\n<li>Kenichi Morita (Hiroshima University, Japan)<\/li>\n<li>Pedro de Oliveira (Mackenzie Presbyterian University, Brazil)<\/li>\n<li>Nicolas Ollinger (Universit\u00e9 d\u2019Orl\u00e9ans, France)<\/li>\n<li>Ivan Rapaport (Universidad de Chile, Chile)<\/li>\n<li>Klaus Sutner (Carnegie Mellon University, USA)<\/li>\n<li>V\u00e9ronique Terrier (Universit\u00e9 de Caen Basse-Normandie, France)<\/li>\n<li>Guillaume Theyssier (Universit\u00e9 de Savoie, France)<\/li>\n<li>Hiroshi Umeo (Osaka Electro-Communication University, Japan)<\/li>\n<li>Thomas Worsch (Karlsruher Institut f\u00fcr Technologie, Germany)<\/li>\n<\/ul>\n<h4>Steering committee<\/h4>\n<ul>\n<li>Enrico Formenti (University of Nice Sophia Antipolis, France)<\/li>\n<li>Teijiro Isokawa (University of Hyogo, Japan)<\/li>\n<li>Jarkko Kari (University of Turku, Finland)<\/li>\n<li>Andreas Malcher (Universit\u00e4t Gie\u00dfen, Germany)<\/li>\n<li>Thomas Worsch (Karlsruhe University, Germany)<\/li>\n<\/ul>\n<h4>Organizing committee<\/h4>\n<ul>\n<li>Mikhail Barash<\/li>\n<li>Jarkko Kari (chair)<\/li>\n<li>Michal Szabados<\/li>\n<li>Ilkka T\u00f6rm\u00e4<\/li>\n<li>Sonja Vanto<\/li>\n<\/ul>\n","protected":false},"excerpt":{"rendered":"<p>Program\u00a0committee Matthew Cook (Institute of Neuroinformatics, Switzerland) Nazim Fat\u00e8s (Inria Nancy, France) Enrico Formenti (Universit\u00e9 Nice Sophia Antipolis, France) Eric Goles (Adolfo Ib\u00e1\u00f1ez University, Chile) Jarkko Kari (University of Turku, Finland) Martin Kutrib\u00a0 (Universit\u00e4t Gie\u00dfen, Germany) Andreas Malcher (Universit\u00e4t Gie\u00dfen, Germany) Kenichi Morita (Hiroshima University, Japan) Pedro de Oliveira (Mackenzie Presbyterian University, Brazil) Nicolas Ollinger &hellip; <a href=\"https:\/\/math.utu.fi\/automata2015\/committees\/\" class=\"more-link\">Continue reading <span class=\"screen-reader-text\">Committees<\/span> <span class=\"meta-nav\">&rarr;<\/span><\/a><\/p>\n","protected":false},"author":6,"featured_media":0,"parent":0,"menu_order":0,"comment_status":"closed","ping_status":"closed","template":"","meta":{"footnotes":""},"class_list":["post-93","page","type-page","status-publish","hentry"],"_links":{"self":[{"href":"https:\/\/math.utu.fi\/automata2015\/wp-json\/wp\/v2\/pages\/93","targetHints":{"allow":["GET"]}}],"collection":[{"href":"https:\/\/math.utu.fi\/automata2015\/wp-json\/wp\/v2\/pages"}],"about":[{"href":"https:\/\/math.utu.fi\/automata2015\/wp-json\/wp\/v2\/types\/page"}],"author":[{"embeddable":true,"href":"https:\/\/math.utu.fi\/automata2015\/wp-json\/wp\/v2\/users\/6"}],"replies":[{"embeddable":true,"href":"https:\/\/math.utu.fi\/automata2015\/wp-json\/wp\/v2\/comments?post=93"}],"version-history":[{"count":4,"href":"https:\/\/math.utu.fi\/automata2015\/wp-json\/wp\/v2\/pages\/93\/revisions"}],"predecessor-version":[{"id":205,"href":"https:\/\/math.utu.fi\/automata2015\/wp-json\/wp\/v2\/pages\/93\/revisions\/205"}],"wp:attachment":[{"href":"https:\/\/math.utu.fi\/automata2015\/wp-json\/wp\/v2\/media?parent=93"}],"curies":[{"name":"wp","href":"https:\/\/api.w.org\/{rel}","templated":true}]}}