{"id":1449,"date":"2017-05-26T13:28:49","date_gmt":"2017-05-26T13:28:49","guid":{"rendered":"http:\/\/math.utu.fi\/cie2017\/?page_id=1449"},"modified":"2017-06-15T16:04:46","modified_gmt":"2017-06-15T16:04:46","slug":"schedule","status":"publish","type":"page","link":"https:\/\/math.utu.fi\/cie2017\/schedule\/","title":{"rendered":"Schedule"},"content":{"rendered":"<p>&nbsp;<\/p>\n<table style=\"width: 125%\">\u00b4<\/p>\n<thead>\n<tr>\n<th colspan=\"4\" bgcolor=\"blue\"><span style=\"color: white\">Monday, 12. June 2017<\/span><\/th>\n<\/tr>\n<\/thead>\n<tbody>\n<tr>\n<td bgcolor=\"#F4FA58\">8:30\u20139:15<\/td>\n<td style=\"text-align: center\" colspan=\"3\" bgcolor=\"#F5ECCE\">Registration<\/td>\n<\/tr>\n<tr>\n<td bgcolor=\"white\">9:15\u20139:30<\/td>\n<td style=\"text-align: center\" colspan=\"3\" bgcolor=\"#F5ECCE\">Opening<\/td>\n<\/tr>\n<tr>\n<td bgcolor=\"#F4FA58\">9:30\u201310:30<\/td>\n<td colspan=\"3\" bgcolor=\"#FE9A2E\"><b> Ramsey\u2019s theorem under a computable perspective<\/b><br \/>\n<em>Ludovic Patey <\/em><\/td>\n<\/tr>\n<tr>\n<td>10:30\u201311:00<\/td>\n<td style=\"text-align: center\" colspan=\"3\" bgcolor=\"#F5ECCE\">Coffee<\/td>\n<\/tr>\n<tr>\n<td bgcolor=\"#F4FA58\">11:00\u201312:30<\/td>\n<td colspan=\"3\" bgcolor=\"#FE9A2E\"><b>Tutorial, part 1: Computability theory, reverse mathematics, and combinatorial principles<\/b><br \/>\n<em>Denis Hirschfeldt <\/em><\/td>\n<\/tr>\n<tr>\n<td>12:30\u201313:30<\/td>\n<td style=\"text-align: center\" colspan=\"3\" bgcolor=\"#F5ECCE\">Lunch<\/td>\n<\/tr>\n<tr>\n<td bgcolor=\"#F4FA58\">13:30\u201314:30<\/td>\n<td colspan=\"3\" bgcolor=\"#FE9A2E\"><b>Dynamic and structural properties of the computably enumerable sets<\/b><br \/>\n<em>Karen Lange<\/em><\/td>\n<\/tr>\n<tr>\n<td>14:30\u201315:00<\/td>\n<td style=\"text-align: center\" colspan=\"3\" bgcolor=\"#F5ECCE\">Coffee<\/td>\n<\/tr>\n<tr>\n<td rowspan=\"3\"><\/td>\n<td style=\"text-align: center\" colspan=\"3\" bgcolor=\"#FA58F4\"><span style=\"color: #ffffff\"><strong>Special sessions<\/strong><\/span><\/td>\n<\/tr>\n<tr>\n<td style=\"width: 33%\" bgcolor=\"#F6CEF5\">Room 1<\/td>\n<td style=\"width: 34%\" bgcolor=\"#F6CEF5\">Room 2<\/td>\n<td style=\"width: 33%\" bgcolor=\"#F6CEF5\">Room 3<\/td>\n<\/tr>\n<tr>\n<td bgcolor=\"#F6CEF5\"><strong>Computability in analysis, algebra, and geometry 1<\/strong><\/td>\n<td bgcolor=\"#F6CEF5\"><strong>History and philosophy of computing 1<\/strong><\/td>\n<td bgcolor=\"#F6CEF5\"><strong>Cryptography and information theory 1<\/strong><\/td>\n<\/tr>\n<tr>\n<td bgcolor=\"#F4FA58\">15:00\u201315:45<\/td>\n<td style=\"width: 33%\" bgcolor=\"#F6CEF5\"><em>Saugata Basu<\/em><br \/>\nComplexity in different contexts<\/td>\n<td style=\"width: 34%\" bgcolor=\"#F6CEF5\"><em>Juliette Kennedy<\/em><br \/>\nG\u00f6del\u2019s Reception of Turing\u2019s Model of Computability: the Shift of Perception in 1934<\/td>\n<td style=\"width: 33%\" bgcolor=\"#F6CEF5\"><em>Ivan Visconti<\/em><br \/>\nDelayed-Input Cryptographic Protocols<\/td>\n<\/tr>\n<tr>\n<td>15:45\u201316:30<\/td>\n<td style=\"width: 33%\" bgcolor=\"#F6CEF5\"><em>Margarita Korovina<\/em><br \/>\nOutline of Partial Computability in Computable Topology<\/td>\n<td style=\"width: 34%\" bgcolor=\"#F6CEF5\"><em>Jan von Plato<\/em><br \/>\nRosa Politzer and the beginnings of the theory of computable functions<\/td>\n<td style=\"width: 33%\" bgcolor=\"#F6CEF5\"><em>Luka Music<\/em><br \/>\nGarbled Quantum Computation<\/td>\n<\/tr>\n<tr>\n<td bgcolor=\"#F4FA58\">16:30\u201316:45<\/td>\n<td style=\"text-align: center\" colspan=\"3\" bgcolor=\"#F5ECCE\">Break<\/td>\n<\/tr>\n<tr>\n<td rowspan=\"3\"><\/td>\n<td style=\"text-align: center\" colspan=\"3\" bgcolor=\"#FA58F4\"><span style=\"color: #ffffff\"><strong>Special sessions<\/strong><\/span><\/td>\n<\/tr>\n<tr>\n<td style=\"width: 33%\" bgcolor=\"#F6CEF5\">Room 1<\/td>\n<td style=\"width: 34%\" bgcolor=\"#F6CEF5\">Room 2<\/td>\n<td style=\"width: 33%\" bgcolor=\"#F6CEF5\">Room 3<\/td>\n<\/tr>\n<tr>\n<td bgcolor=\"#F6CEF5\"><strong>Computability in analysis, algebra, and geometry 2<\/strong><\/td>\n<td bgcolor=\"#F6CEF5\"><strong>History and philosophy of computing 2<\/strong><\/td>\n<td bgcolor=\"#F6CEF5\"><strong>Cryptography and information theory 2<\/strong><\/td>\n<\/tr>\n<tr>\n<td>16:45\u201317:30<\/td>\n<td style=\"width: 33%\" bgcolor=\"#F6CEF5\"><em>Alexander Melnikov<\/em><br \/>\nEliminating unbounded search in computable algebra<\/td>\n<td style=\"width: 34%\" bgcolor=\"#F6CEF5\"><em>Hector Zenil <\/em><br \/>\nComputability and Causality<\/td>\n<td style=\"width: 33%\" bgcolor=\"#F6CEF5\"><em>Delaram Kahrobaei<\/em><br \/>\nPost-quantum Group-Based Cryptography<\/td>\n<\/tr>\n<tr>\n<td bgcolor=\"#F4FA58\">17:30\u201318:15<\/td>\n<td style=\"width: 33%\" bgcolor=\"#F6CEF5\"><em>Russell Miller<\/em><br \/>\nComputable Transformations of Structures<\/td>\n<td style=\"width: 34%\" bgcolor=\"#F6CEF5\"><em>Cliff Jones<\/em><br \/>\nTuring\u2019s 1949 paper in context<\/td>\n<td style=\"width: 33%\" bgcolor=\"#F6CEF5\"><em>Helger Lipmaa<\/em><br \/>\nA shuffle argument secure in the generic model<\/td>\n<\/tr>\n<\/tbody>\n<\/table>\n<hr \/>\n<table style=\"width: 125%\">\n<thead>\n<tr>\n<th colspan=\"4\" bgcolor=\"blue\"><span style=\"color: white\">Tuesday, 13. June 2017<\/span><\/th>\n<\/tr>\n<\/thead>\n<tbody>\n<tr>\n<td bgcolor=\"#F4FA58\">9:00\u201310:00<\/td>\n<td colspan=\"3\" bgcolor=\"#FE9A2E\"><b> The Church-Turing Thesis and Physics<\/b><br \/>\n<em>Scott Aaronson <\/em><\/td>\n<\/tr>\n<tr>\n<td bgcolor=\"white\">10:00\u201310:30<\/td>\n<td style=\"text-align: center\" colspan=\"3\" bgcolor=\"#F5ECCE\">Coffee<\/td>\n<\/tr>\n<tr>\n<td rowspan=\"2\"><\/td>\n<td style=\"text-align: center\" colspan=\"3\" bgcolor=\"#58FA82\"><span style=\"color: #ffffff\"><strong>Contributed session 1<\/strong><\/span><\/td>\n<\/tr>\n<tr>\n<td style=\"width: 33%\" bgcolor=\"#A9F5BC\">Room 1<\/td>\n<td style=\"width: 34%\" bgcolor=\"#A9F5BC\">Room 2<\/td>\n<td style=\"width: 33%\" bgcolor=\"#A9F5BC\">Room 3<\/td>\n<\/tr>\n<tr>\n<td bgcolor=\"#F4FA58\">10:30\u201311:00<\/td>\n<td style=\"width: 33%\" bgcolor=\"#A9F5BC\"><em>Gleb Novikov<\/em><br \/>\nRandomness deficiencies<\/td>\n<td style=\"width: 34%\" bgcolor=\"#A9F5BC\"><em>Hugo Nobrega, Arno Pauly<\/em><br \/>\nGame characterizations and lower cones in the Weihrauch degrees<\/td>\n<td style=\"width: 33%\" bgcolor=\"#A9F5BC\"><em>Thierry Monteil<\/em><br \/>\nA universal oracle for signal machines<\/td>\n<\/tr>\n<tr>\n<td bgcolor=\"white\">11:00\u201311:30<\/td>\n<td style=\"width: 33%\" bgcolor=\"#A9F5BC\"><em>Neil Lutz, Donald Stull<\/em><br \/>\nDimension Spectra of Lines<\/td>\n<td style=\"width: 34%\" bgcolor=\"#A9F5BC\"><em>Victor Selivanov<\/em><br \/>\nExtending Wadge Theory to k-Partitions<\/td>\n<td style=\"width: 33%\" bgcolor=\"#A9F5BC\"><em>Ville Salo, Ilkka T\u00f6rm\u00e4<\/em><br \/>\nA One-Dimensional Physically Universal Cellular Automaton<\/td>\n<\/tr>\n<tr>\n<td bgcolor=\"#F4FA58\">11:30\u201312:00<\/td>\n<td style=\"width: 33%\" bgcolor=\"#A9F5BC\"><em>Elvira Mayordomo<\/em><br \/>\nEffective exact Hausdorff dimension in general metric spaces<\/td>\n<td style=\"width: 34%\" bgcolor=\"#A9F5BC\"><em>Karoliina Lehtinen, Sandra Quickert<\/em><br \/>\n$\\Sigma^{\\mu}_2$ is decidable for $\\Pi^{\\mu}_2$<\/td>\n<td style=\"width: 33%\" bgcolor=\"#A9F5BC\"><em>Martin Delacourt, Nicolas Ollinger<\/em><br \/>\nPermutive one-way cellular automata and the finiteness problem for automaton groups<\/td>\n<\/tr>\n<tr>\n<td bgcolor=\"white\">12:00\u201312:30<\/td>\n<td style=\"width: 33%\" bgcolor=\"#A9F5BC\"><em>Chansu Park, Ji-Won Park, Sewon Park, Dongseong Seon, Martin Ziegler<\/em><br \/>\nComputable Operations on Compact Subsets of Metric Spaces with Applications to Frechet Distance and Shape Optimization<\/td>\n<td style=\"width: 34%\" bgcolor=\"#A9F5BC\"><em>Nikolay Bazhenov, Mars Yamaleev<\/em><br \/>\nDegrees of Categoricity of Rigid Structures<\/td>\n<td style=\"width: 33%\" bgcolor=\"#A9F5BC\"><em>Pavel Semukhin, Igor Potapov<\/em><br \/>\nMembership Problem for 2\u00d72 nonsingilar integer matrices<\/td>\n<\/tr>\n<tr>\n<td bgcolor=\"#F4FA58\">12:30\u201313:30<\/td>\n<td style=\"text-align: center\" colspan=\"3\" bgcolor=\"#F5ECCE\">Lunch<\/td>\n<\/tr>\n<tr>\n<td bgcolor=\"white\">13:30\u201315:00<\/td>\n<td colspan=\"3\" bgcolor=\"#FE9A2E\"><b>Tutorial, part 2: Computability theory, reverse mathematics, and combinatorial principles<\/b><br \/>\n<em>Denis Hirschfeldt <\/em><\/td>\n<\/tr>\n<tr>\n<td bgcolor=\"#F4FA58\">15:00\u201315:30<\/td>\n<td style=\"text-align: center\" colspan=\"3\" bgcolor=\"#F5ECCE\">Coffee<\/td>\n<\/tr>\n<\/tr>\n<td><\/td>\n<td style=\"text-align: center\" colspan=\"3\" bgcolor=\"#58D3F7\"><span style=\"color: #ffffff\"><strong>Women in Computability Workshop<\/strong><\/span><\/td>\n<\/tr>\n<tr>\n<td bgcolor=\"white\">15:30\u201316:00<\/td>\n<td bgcolor=\"#A9F5F2\" colspan=\"3\">\n<em>Juliette Kennedy<\/em>\n<\/td>\n<\/tr>\n<tr>\n<td bgcolor=\"#F4FA58\">16:00\u201316:30<\/td>\n<td bgcolor=\"#A9F5F2\" colspan=\"3\">\n<em>Karen Lange<\/em>\n<\/td>\n<\/tr>\n<tr>\n<td bgcolor=\"white\">16:30\u201317:00<\/td>\n<td bgcolor=\"#A9F5F2\" colspan=\"3\">\n<em>Ursula Martin<\/em>\n<\/td>\n<\/tr>\n<tr>\n<td bgcolor=\"white\"><\/td>\n<td style=\"text-align: center\" colspan=\"3\" bgcolor=\"#F5ECCE\">Break<\/td>\n<\/tr>\n<tr>\n<td bgcolor=\"#F4FA58\">18:00\u201319:00<\/td>\n<td style=\"text-align: center\" colspan=\"3\" bgcolor=\"#F5ECCE\">City reception at the Town Hall<\/td>\n<\/tr>\n<tr>\n<td bgcolor=\"white\">19:00\u2013<\/td>\n<td bgcolor=\"#A9F5F2\" colspan=\"3\">\nWomen in Computability Dinner\n<\/td>\n<\/tr>\n<\/tbody>\n<\/table>\n<hr \/>\n<table style=\"width: 125%\">\n<thead>\n<thead>\n<tr>\n<th colspan=\"4\" bgcolor=\"blue\"><span style=\"color: white\">Wednesday, 14. June 2017<\/span><\/th>\n<\/tr>\n<\/thead>\n<tbody>\n<tr>\n<td bgcolor=\"#F4FA58\">9:00\u201310:00<\/td>\n<td colspan=\"3\" bgcolor=\"#FE9A2E\"><b> Compressibility and probabilistic proofs<\/b><br \/>\n<em>Alexander Shen <\/em><\/td>\n<\/tr>\n<tr>\n<td bgcolor=\"white\">10:00\u201310:30<\/td>\n<td style=\"text-align: center\" colspan=\"3\" bgcolor=\"#F5ECCE\">Coffee<\/td>\n<\/tr>\n<tr>\n<td rowspan=\"2\"><\/td>\n<td style=\"text-align: center\" colspan=\"3\" bgcolor=\"#58FA82\"><span style=\"color: #ffffff\"><strong>Contributed session 2<\/strong><\/span><\/td>\n<\/tr>\n<tr>\n<td style=\"width: 33%\" bgcolor=\"#A9F5BC\">Room 1<\/td>\n<td style=\"width: 34%\" bgcolor=\"#A9F5BC\">Room 2<\/td>\n<td style=\"width: 33%\" bgcolor=\"#A9F5BC\">Room 3<\/td>\n<\/tr>\n<tr>\n<td bgcolor=\"#F4FA58\">10:30\u201311:00<\/td>\n<td style=\"width: 33%\" bgcolor=\"#A9F5BC\"><em>Joseph Almog, Vesa Halava<\/em><br \/>\nTuring completeness, FOL completeness and definability<\/td>\n<td style=\"width: 34%\" bgcolor=\"#A9F5BC\"><em>Nikolay Bazhenov<\/em><br \/>\nTuring computable embeddings, computable infinitary equivalence, and linear orders<\/td>\n<td style=\"width: 33%\" bgcolor=\"#A9F5BC\"><em>Akitoshi Kawamura, Holger Thies, Martin Ziegler<\/em><br \/>\nAverage case complexity for the N-body problem<\/td>\n<\/tr>\n<tr>\n<td bgcolor=\"white\">11:00\u201311:30<\/td>\n<td style=\"width: 33%\" bgcolor=\"#A9F5BC\"><em>Patrick Sibelius<\/em><br \/>\nThe Axiom of Choice and Peano Arithmetic do not match<\/td>\n<td style=\"width: 34%\" bgcolor=\"#A9F5BC\"><em>Karoliina Lehtinen<\/em><br \/>\nParity games and the modal mu alternation hierarchy<\/td>\n<td style=\"width: 33%\" bgcolor=\"#A9F5BC\"><em>Vladimir Aristov, Andrey Stroganov<\/em><br \/>\nMethod of computer analogy: analytics and approximations<\/td>\n<\/tr>\n<tr>\n<td bgcolor=\"#F4FA58\">11:30\u201312:00<\/td>\n<td style=\"width: 33%\" bgcolor=\"#A9F5BC\"><em>Richard Whyman<\/em><br \/>\nOn the Computation and Complexity of Arbitrary Physical Computers<\/td>\n<td style=\"width: 34%\" bgcolor=\"#A9F5BC\"><em>Luca San Mauro, Ekaterina Fokina, Dino Rossegger<\/em><br \/>\n Bi-embeddability spectra of structures<\/td>\n<td style=\"width: 33%\" bgcolor=\"#A9F5BC\"><em>Lorenzo Galeotti, Hugo Nobrega<\/em><br \/>\nTowards computable analysis on the generalised real line<\/td>\n<\/tr>\n<tr>\n<td bgcolor=\"white\">12:00\u201312:30<\/td>\n<td style=\"width: 33%\" bgcolor=\"#A9F5BC\"><em>Vasco Brattka, Rupert H\u00f6lzl, Rutger Kuyper<\/em><br \/>\nMonte Carlo Computability<\/td>\n<td style=\"width: 34%\" bgcolor=\"#A9F5BC\"><em>Victor Selivanov and Mars Yamaleev<\/em><br \/>\nExtending a Cooper\u2019s Theorem to $\\Delta^0_3$ Turing degrees<\/td>\n<td style=\"width: 33%\" bgcolor=\"#A9F5BC\"><em>Merlin Carl, Benedikt L\u00f6we, Benjamin Rin<\/em><br \/>\nKoepke machines and satisfiability for infinitary propositional languages<\/td>\n<\/tr>\n<tr>\n<td bgcolor=\"#F4FA58\">12:30\u201313:30<\/td>\n<td style=\"text-align: center\" colspan=\"3\" bgcolor=\"#F5ECCE\">Lunch<\/td>\n<\/tr>\n<tr>\n<td><\/td>\n<td style=\"text-align: center\" colspan=\"3\" bgcolor=\"#F5ECCE\">Break<\/td>\n<\/tr>\n<tr>\n<td bgcolor=\"white\">15:00-<\/td>\n<td style=\"text-align: center\" colspan=\"3\" bgcolor=\"#F5ECCE\">Excursion to Herrankukkaro and conference dinner<\/td>\n<\/tr>\n<\/tbody>\n<\/table>\n<hr \/>\n<table style=\"width: 125%\">\n<thead>\n<tr>\n<th colspan=\"4\" bgcolor=\"blue\"><span style=\"color: white\">Thursday, 15. June 2017<\/span><\/th>\n<\/tr>\n<\/thead>\n<tbody>\n<tr>\n<td bgcolor=\"#F4FA58\">9:00\u201310:00<\/td>\n<td colspan=\"3\" bgcolor=\"#FE9A2E\"><b> The computational complexity of query answering under updates<\/b><br \/>\n<em>Nicole Schweikardt<\/em><\/td>\n<\/tr>\n<tr>\n<td bgcolor=\"white\">10:00\u201310:30<\/td>\n<td style=\"text-align: center\" colspan=\"3\" bgcolor=\"#F5ECCE\">Coffee<\/td>\n<\/tr>\n<tr>\n<td rowspan=\"3\"><\/td>\n<td style=\"text-align: center\" colspan=\"3\" bgcolor=\"#FA58F4\"><span style=\"color: #ffffff\"><strong>Special sessions<\/strong><\/span><\/td>\n<\/tr>\n<tr>\n<td style=\"width: 33%\" bgcolor=\"#F6CEF5\">Room 1<\/td>\n<td style=\"width: 34%\" bgcolor=\"#F6CEF5\">Room 2<\/td>\n<td style=\"width: 33%\" bgcolor=\"#F6CEF5\">Room 3<\/td>\n<\/tr>\n<tr>\n<td bgcolor=\"#F6CEF5\"><strong>Algorithmics for biology 1<\/strong><\/td>\n<td bgcolor=\"#F6CEF5\"><strong>Combinatorics and algorithmics on words 1<\/strong><\/td>\n<td bgcolor=\"#F6CEF5\"><strong>Formal languages and automata theory 1<\/strong><\/td>\n<\/tr>\n<tr>\n<td bgcolor=\"#F4FA58\">10:30\u201311:15<\/td>\n<td style=\"width: 33%\" bgcolor=\"#F6CEF5\"><em>Tobias Marschall<\/em><br \/>\nA Guided Tour to Computational Haplotyping<\/td>\n<td style=\"width: 34%\" bgcolor=\"#F6CEF5\"><em>Stepan Holub<\/em><br \/>\nFormalizing a Fragment of Combinatorics on Words<\/td>\n<td style=\"width: 33%\" bgcolor=\"#F6CEF5\"><em>Kai Salomaa <\/em><br \/>\nState Complexity of Neighbourhoods of Regular Languages<\/td>\n<\/tr>\n<tr>\n<td>11:15\u201312:00<\/td>\n<td style=\"width: 33%\" bgcolor=\"#F6CEF5\"><em>Fabio Vandin<\/em><br \/>\nAlgorithms for Cancer Mutation Networks<\/td>\n<td style=\"width: 34%\" bgcolor=\"#F6CEF5\"><em>Pascal Ochem<\/em><br \/>\nPattern avoidance<\/td>\n<td style=\"width: 33%\" bgcolor=\"#F6CEF5\"><em>Martin Kutrib<\/em><br \/>\nReversibility in Finite-State Devices<\/td>\n<\/tr>\n<tr>\n<td bgcolor=\"#F4FA58\">12:00\u201313:30<\/td>\n<td style=\"text-align: center\" colspan=\"3\" bgcolor=\"#F5ECCE\">Lunch<\/td>\n<\/tr>\n<tr>\n<td bgcolor=\"white\">13:30\u201315:00<\/td>\n<td colspan=\"3\" bgcolor=\"#FE9A2E\"><b>Tutorial, part 1: Tutorial on Integer Linear Programming in Computational Biology<\/b><br \/>\n<em>Daniel Gusfield<\/em><\/td>\n<\/tr>\n<tr>\n<td bgcolor=\"#F4FA58\">15:00\u201315:30<\/td>\n<td style=\"text-align: center\" colspan=\"3\" bgcolor=\"#F5ECCE\">Coffee<\/td>\n<\/tr>\n<tr>\n<td rowspan=\"3\"><\/td>\n<td style=\"text-align: center\" colspan=\"3\" bgcolor=\"#FA58F4\"><span style=\"color: #ffffff\"><strong>Special sessions<\/strong><\/span><\/td>\n<\/tr>\n<tr>\n<td style=\"width: 33%\" bgcolor=\"#F6CEF5\">Room 1<\/td>\n<td style=\"width: 34%\" bgcolor=\"#F6CEF5\">Room 2<\/td>\n<td style=\"width: 33%\" bgcolor=\"#F6CEF5\">Room 3<\/td>\n<\/tr>\n<tr>\n<td bgcolor=\"#F6CEF5\"><strong>Algorithmics for biology 2<\/strong><\/td>\n<td bgcolor=\"#F6CEF5\"><strong>Combinatorics and algorithmics on words 2<\/strong><\/td>\n<td bgcolor=\"#F6CEF5\"><strong>Formal languages and automata theory 2<\/strong><\/td>\n<\/tr>\n<tr>\n<td bgcolor=\"white\">15:30\u201316:15<\/td>\n<td style=\"width: 33%\" bgcolor=\"#F6CEF5\"><em>Gregory Kucherov<\/em><br \/>\nModern algorithmic techniques for biosequence search<\/td>\n<td style=\"width: 34%\" bgcolor=\"#F6CEF5\"><em>Svetlana Puzynina<\/em><br \/>\nOn variations of Morse and Hedlund theorem<\/td>\n<td style=\"width: 33%\" bgcolor=\"#F6CEF5\"><em>Thomas Colcombet<\/em><br \/>\nHybrid-set-vector automata and gluing of categories<\/td>\n<\/tr>\n<tr>\n<td bgcolor=\"#F4FA58\">16:15\u201317:00<\/td>\n<td style=\"width: 33%\" bgcolor=\"#F6CEF5\"><em>Gianluca Della Vedova<\/em><br \/>\nCharacter-based Phylogeny Construction and its Application to Tumor Evolution<\/td>\n<td style=\"width: 34%\" bgcolor=\"#F6CEF5\"><em>Narad Rampersad<\/em><br \/>\nFormulas with reversal<\/td>\n<td style=\"width: 33%\" bgcolor=\"#F6CEF5\"><em>Artur Jez<\/em><br \/>\nRecompression: new approach to word equations<\/td>\n<\/tr>\n<tr>\n<td bgcolor=\"white\"><\/td>\n<td style=\"text-align: center\" colspan=\"3\" bgcolor=\"#F5ECCE\">Break<\/td>\n<\/tr>\n<tr>\n<td bgcolor=\"white\">17:15\u201319:00<\/td>\n<td style=\"text-align: center\" colspan=\"3\" bgcolor=\"#F5ECCE\">General Assembly<\/td>\n<\/tr>\n<\/tbody>\n<\/table>\n<hr \/>\n<table style=\"width: 125%\">\n<thead>\n<tr>\n<th colspan=\"4\" bgcolor=\"blue\"><span style=\"color: white\">Friday, 16. June 2017<\/span><\/th>\n<\/tr>\n<\/thead>\n<tbody>\n<tr>\n<td bgcolor=\"#F4FA58\">9:00\u201310:00<\/td>\n<td colspan=\"3\" bgcolor=\"#FE9A2E\"><b>A Logical Revolution<\/b><br \/>\n<em>Moshe Vardi<\/em><\/td>\n<\/tr>\n<tr>\n<td bgcolor=\"white\">10:00\u201310:30<\/td>\n<td style=\"text-align: center\" colspan=\"3\" bgcolor=\"#F5ECCE\">Coffee<\/td>\n<\/tr>\n<tr>\n<td rowspan=\"2\"><\/td>\n<td style=\"text-align: center\" colspan=\"3\" bgcolor=\"#58FA82\"><span style=\"color: #ffffff\"><strong>Contributed session 3<\/strong><\/span><\/td>\n<\/tr>\n<tr>\n<td style=\"width: 33%\" bgcolor=\"#A9F5BC\">Room 1<\/td>\n<td style=\"width: 34%\" bgcolor=\"#A9F5BC\">Room 2<\/td>\n<td style=\"width: 33%\" bgcolor=\"#A9F5BC\">Room 3<\/td>\n<\/tr>\n<tr>\n<td bgcolor=\"#F4FA58\">10:30\u201311:00<\/td>\n<td style=\"width: 33%\" bgcolor=\"#A9F5BC\"><em>Robert Barish, Akira Suyama<\/em><br \/>\nCounting Substrate Cycles in Topologically Restricted Metabolic Networks<\/td>\n<td style=\"width: 34%\" bgcolor=\"#A9F5BC\"><em>Iosif Petrakis<\/em><br \/>\nMcShane-Whitney pairs<\/td>\n<td style=\"width: 33%\" bgcolor=\"#A9F5BC\"><em>Merlin Carl, Bruno Durand, Gregory Lafitte, Sabrina Ouazzani<\/em><br \/>\nAdmissibles in gaps<\/td>\n<\/tr>\n<tr>\n<td bgcolor=\"white\">11:00\u201311:30<\/td>\n<td style=\"width: 33%\" bgcolor=\"#A9F5BC\"><em>Shilpa Garg and Tobias Moemke<\/em><br \/>\nA PTAS for Gapless MEC<\/td>\n<td style=\"width: 34%\" bgcolor=\"#A9F5BC\"><em>Ethan McCarthy<\/em><br \/>\nCototal enumeration degrees and the Turing degree spectra of minimal subshifts<\/td>\n<td style=\"width: 33%\" bgcolor=\"#A9F5BC\"><em>Merlin Carl, Philipp Schlicht<\/em><br \/>\nThe recognizability strength of infinite time Turing machines with ordinal parameters<\/td>\n<\/tr>\n<tr>\n<td bgcolor=\"#F4FA58\">11:30\u201312:00<\/td>\n<td style=\"width: 33%\" bgcolor=\"#A9F5BC\"><em>Stefan Arnold, Jacobo Toran<\/em><br \/>\nA Deterministic Algorithm for Testing the Equivalence of Read-once Branching Programs with Small Discrepancy<\/td>\n<td style=\"width: 34%\" bgcolor=\"#A9F5BC\"><em>Kentaro Sato<\/em><br \/>\nA study on complexity of winning strategy<\/td>\n<td style=\"width: 33%\" bgcolor=\"#A9F5BC\"><em>Oscar Defrain, Bruno Durand, Gregory Lafitte<\/em><br \/>\nInfinite time busy beavers<\/td>\n<\/tr>\n<tr>\n<td bgcolor=\"white\">12:00\u201313:15<\/td>\n<td style=\"text-align: center\" colspan=\"3\" bgcolor=\"#F5ECCE\">Lunch<\/td>\n<\/tr>\n<tr>\n<td bgcolor=\"#F4FA58\">13:15\u201314:45<\/td>\n<td colspan=\"3\" bgcolor=\"#FE9A2E\"><b>Tutorial, part 2: Tutorial on Integer Linear Programming in Computational Biology<\/b><br \/>\n<em>Daniel Gusfield<\/em><\/td>\n<\/tr>\n<tr>\n<td bgcolor=\"white\">14:45\u201315:00<\/td>\n<td style=\"text-align: center\" colspan=\"3\" bgcolor=\"#F5ECCE\">Break<\/td>\n<\/tr>\n<tr>\n<td rowspan=\"2\"><\/td>\n<td style=\"text-align: center\" colspan=\"3\" bgcolor=\"#58FA82\"><span style=\"color: #ffffff\"><strong>Contributed session 4<\/strong><\/span><\/td>\n<\/tr>\n<tr>\n<td style=\"width: 33%\" bgcolor=\"#A9F5BC\">Room 1<\/td>\n<td style=\"width: 34%\" bgcolor=\"#A9F5BC\">Room 2<\/td>\n<td style=\"width: 33%\" bgcolor=\"#A9F5BC\">Room 3<\/td>\n<\/tr>\n<tr>\n<td bgcolor=\"#F4FA58\">15:00\u201315:30<\/td>\n<td style=\"width: 33%\" bgcolor=\"#A9F5BC\"><em>Petr Golovach, Matthew Johnson, Barnaby Martin, Daniel Paulusma, Anthony Stewart<\/em><br \/>\nSurjective H-Colouring: New Hardness Results<\/td>\n<td style=\"width: 34%\" bgcolor=\"#A9F5BC\"><em>Lorenzo Carlucci, Leszek Aleksander Kolodziejczyk, Francesco Lepore, Konrad Zdanowski<\/em><br \/>\nNew bounds on the strength of some restrictions of Hindman\u2019s Theorem<\/td>\n<td style=\"width: 33%\" bgcolor=\"#A9F5BC\"><em>Claus Brillowski<\/em><br \/>\nA Demonstration of Continuous Name-Binding and Global Information Storage<\/td>\n<\/tr>\n<tr>\n<td bgcolor=\"white\">15:30\u201316:00<\/td>\n<td style=\"width: 33%\" bgcolor=\"#A9F5BC\"><em>Daniela Genova, Hendrik Jan Hoogeboom<\/em><br \/>\nFinite Language Forbidding-Enforcing Systems<\/td>\n<td style=\"width: 34%\" bgcolor=\"#A9F5BC\"><em>Margarita Korovina, Oleg Kudinov<\/em><br \/>\nOn Higher Effective Descriptive Set Theory<\/td>\n<td style=\"width: 33%\" bgcolor=\"#A9F5BC\"><em>Djamal Belazzougui, Fabio Cunial, Travis Gagie, Nicola Prezza, Mathieu Raffinot<\/em><br \/>\nFlexible Indexing of Repetitive Collections<\/td>\n<\/tr>\n<tr>\n<td bgcolor=\"#F4FA58\">16:00\u201316:30<\/td>\n<td style=\"width: 33%\" bgcolor=\"#A9F5BC\"><em>Erzs\u00e9bet Csuhaj-Varj\u00fa, Gy\u00f6rgy Vaszil<\/em><br \/>\nStability Languages of Networks of Watson-Crick D0L Systems<\/td>\n<td style=\"width: 34%\" bgcolor=\"#A9F5BC\"><em>Alexandra Soskova<\/em><br \/>\nStructural properties of spectra and $\\omega$-spectra<\/td>\n<td style=\"width: 33%\" bgcolor=\"#A9F5BC\"><em>Manon Stipulanti<\/em><br \/>\nGeneralized Pascal triangles for binomial coefficients of finite words<\/td>\n<\/tr>\n<tr>\n<td bgcolor=\"white\">16:30\u201317:00<\/td>\n<td style=\"text-align: center\" colspan=\"3\" bgcolor=\"#F5ECCE\">Coffee<\/td>\n<\/tr>\n<\/tbody>\n<\/table>\n","protected":false},"excerpt":{"rendered":"<p>&nbsp; \u00b4 Monday, 12. June 2017 8:30\u20139:15 Registration 9:15\u20139:30 Opening 9:30\u201310:30 Ramsey\u2019s theorem under a computable perspective Ludovic Patey 10:30\u201311:00 Coffee 11:00\u201312:30 Tutorial, part 1: Computability theory, reverse mathematics, and combinatorial principles Denis Hirschfeldt 12:30\u201313:30 Lunch 13:30\u201314:30 Dynamic and structural properties of the computably enumerable sets Karen Lange 14:30\u201315:00 Coffee Special sessions Room 1 Room &hellip; <a href=\"https:\/\/math.utu.fi\/cie2017\/schedule\/\" class=\"more-link\">Continue reading <span class=\"screen-reader-text\">Schedule<\/span> <span class=\"meta-nav\">&rarr;<\/span><\/a><\/p>\n","protected":false},"author":9,"featured_media":0,"parent":0,"menu_order":0,"comment_status":"closed","ping_status":"closed","template":"","meta":{"footnotes":""},"class_list":["post-1449","page","type-page","status-publish","hentry"],"_links":{"self":[{"href":"https:\/\/math.utu.fi\/cie2017\/wp-json\/wp\/v2\/pages\/1449","targetHints":{"allow":["GET"]}}],"collection":[{"href":"https:\/\/math.utu.fi\/cie2017\/wp-json\/wp\/v2\/pages"}],"about":[{"href":"https:\/\/math.utu.fi\/cie2017\/wp-json\/wp\/v2\/types\/page"}],"author":[{"embeddable":true,"href":"https:\/\/math.utu.fi\/cie2017\/wp-json\/wp\/v2\/users\/9"}],"replies":[{"embeddable":true,"href":"https:\/\/math.utu.fi\/cie2017\/wp-json\/wp\/v2\/comments?post=1449"}],"version-history":[{"count":66,"href":"https:\/\/math.utu.fi\/cie2017\/wp-json\/wp\/v2\/pages\/1449\/revisions"}],"predecessor-version":[{"id":1719,"href":"https:\/\/math.utu.fi\/cie2017\/wp-json\/wp\/v2\/pages\/1449\/revisions\/1719"}],"wp:attachment":[{"href":"https:\/\/math.utu.fi\/cie2017\/wp-json\/wp\/v2\/media?parent=1449"}],"curies":[{"name":"wp","href":"https:\/\/api.w.org\/{rel}","templated":true}]}}