{"id":40,"date":"2015-10-03T14:59:28","date_gmt":"2015-10-03T14:59:28","guid":{"rendered":"http:\/\/math.utu.fi\/mathdays16\/?page_id=40"},"modified":"2016-01-04T15:09:57","modified_gmt":"2016-01-04T15:09:57","slug":"organizers","status":"publish","type":"page","link":"https:\/\/math.utu.fi\/mathdays16\/organizers\/","title":{"rendered":"Organizers"},"content":{"rendered":"<section>\n<h2>Scientific committee:<\/h2>\n<ul>\n<li><span class=\"speaker\">Prof. Tuomas Hyt\u00f6nen<\/span><\/li>\n<li><span class=\"speaker\">Prof. Peter H\u00e4st\u00f6<\/span><\/li>\n<li><span class=\"speaker\">Prof. Juhani Karhum\u00e4ki<\/span><\/li>\n<li><span class=\"speaker\">Prof. Antti Kupiainen<\/span><\/li>\n<li><span class=\"speaker\">Prof. Matti Lassas<\/span><\/li>\n<li><span class=\"speaker\">Prof. Kaisa Matom\u00e4ki<\/span><\/li>\n<li><span class=\"speaker\">Prof. Marko M\u00e4kel\u00e4<\/span><\/li>\n<\/ul>\n<\/section>\n<section>\n<h2>Organizing committee:<\/h2>\n<ul>\n<li><span class=\"speaker\">Mari Ernvall<\/span><\/li>\n<li><span class=\"speaker\">Mika Hirvensalo<\/span><\/li>\n<li><span class=\"speaker\">Kaisa Joki<\/span><\/li>\n<li><span class=\"speaker\">Juhani Karhum\u00e4ki (Chair)<\/span><\/li>\n<li><span class=\"speaker\">Markus Matilainen<\/span><\/li>\n<li><span class=\"speaker\">Kaisa Matom\u00e4ki<\/span><\/li>\n<li><span class=\"speaker\">Marko M\u00e4kel\u00e4<\/span><\/li>\n<li><span class=\"speaker\">P\u00e4ivi Rastas<\/span><\/li>\n<li><span class=\"speaker\">Jetro Vesti<\/span><\/li>\n<li><span class=\"speaker\">Markus Whiteland<\/span><\/li>\n<li><span class=\"speaker\">Outi Wilppu<\/span><\/li>\n<\/ul>\n<\/section>\n","protected":false},"excerpt":{"rendered":"<p>Scientific committee: Prof. Tuomas Hyt\u00f6nen Prof. Peter H\u00e4st\u00f6 Prof. Juhani Karhum\u00e4ki Prof. Antti Kupiainen Prof. Matti Lassas Prof. Kaisa Matom\u00e4ki Prof. Marko M\u00e4kel\u00e4 Organizing committee: Mari Ernvall Mika Hirvensalo Kaisa Joki Juhani Karhum\u00e4ki (Chair) Markus Matilainen Kaisa Matom\u00e4ki Marko M\u00e4kel\u00e4 P\u00e4ivi Rastas Jetro Vesti Markus Whiteland Outi Wilppu<\/p>\n","protected":false},"author":13,"featured_media":0,"parent":0,"menu_order":0,"comment_status":"closed","ping_status":"closed","template":"","meta":{"footnotes":""},"class_list":["post-40","page","type-page","status-publish","hentry"],"_links":{"self":[{"href":"https:\/\/math.utu.fi\/mathdays16\/wp-json\/wp\/v2\/pages\/40","targetHints":{"allow":["GET"]}}],"collection":[{"href":"https:\/\/math.utu.fi\/mathdays16\/wp-json\/wp\/v2\/pages"}],"about":[{"href":"https:\/\/math.utu.fi\/mathdays16\/wp-json\/wp\/v2\/types\/page"}],"author":[{"embeddable":true,"href":"https:\/\/math.utu.fi\/mathdays16\/wp-json\/wp\/v2\/users\/13"}],"replies":[{"embeddable":true,"href":"https:\/\/math.utu.fi\/mathdays16\/wp-json\/wp\/v2\/comments?post=40"}],"version-history":[{"count":12,"href":"https:\/\/math.utu.fi\/mathdays16\/wp-json\/wp\/v2\/pages\/40\/revisions"}],"predecessor-version":[{"id":510,"href":"https:\/\/math.utu.fi\/mathdays16\/wp-json\/wp\/v2\/pages\/40\/revisions\/510"}],"wp:attachment":[{"href":"https:\/\/math.utu.fi\/mathdays16\/wp-json\/wp\/v2\/media?parent=40"}],"curies":[{"name":"wp","href":"https:\/\/api.w.org\/{rel}","templated":true}]}}