{"id":96,"date":"2015-10-08T12:44:52","date_gmt":"2015-10-08T12:44:52","guid":{"rendered":"http:\/\/math.utu.fi\/mathdays16\/?page_id=96"},"modified":"2015-12-28T15:27:17","modified_gmt":"2015-12-28T15:27:17","slug":"panel","status":"publish","type":"page","link":"https:\/\/math.utu.fi\/mathdays16\/panel\/","title":{"rendered":"Panel"},"content":{"rendered":"<section>The panel will be in Finnish and the title is &#8220;Nuorten tutkijoiden urakehitys ja haasteet&#8221;. The host of the panel is Professor Juhani Karhum\u00e4ki and the members will be:<span style=\"font-size: small\"><br \/>\n<\/span><\/section>\n<section><\/section>\n<section><\/section>\n<ul>\n<li>Rehtori Kalervo V\u00e4\u00e4n\u00e4nen, TY<\/li>\n<li>Ylijohtaja Tapio Kosunen, OKM<\/li>\n<li>Professori Olli Martio, HY<\/li>\n<li>Dosentti Laura Elo-Uhlgren, TY<\/li>\n<li>FT Ville Salo, TY<\/li>\n<\/ul>\n","protected":false},"excerpt":{"rendered":"<p>The panel will be in Finnish and the title is &#8220;Nuorten tutkijoiden urakehitys ja haasteet&#8221;. The host of the panel is Professor Juhani Karhum\u00e4ki and the members will be: Rehtori Kalervo V\u00e4\u00e4n\u00e4nen, TY Ylijohtaja Tapio Kosunen, OKM Professori Olli Martio, HY Dosentti Laura Elo-Uhlgren, TY FT Ville Salo, TY<\/p>\n","protected":false},"author":14,"featured_media":0,"parent":0,"menu_order":0,"comment_status":"closed","ping_status":"closed","template":"","meta":{"footnotes":""},"class_list":["post-96","page","type-page","status-publish","hentry"],"_links":{"self":[{"href":"https:\/\/math.utu.fi\/mathdays16\/wp-json\/wp\/v2\/pages\/96","targetHints":{"allow":["GET"]}}],"collection":[{"href":"https:\/\/math.utu.fi\/mathdays16\/wp-json\/wp\/v2\/pages"}],"about":[{"href":"https:\/\/math.utu.fi\/mathdays16\/wp-json\/wp\/v2\/types\/page"}],"author":[{"embeddable":true,"href":"https:\/\/math.utu.fi\/mathdays16\/wp-json\/wp\/v2\/users\/14"}],"replies":[{"embeddable":true,"href":"https:\/\/math.utu.fi\/mathdays16\/wp-json\/wp\/v2\/comments?post=96"}],"version-history":[{"count":6,"href":"https:\/\/math.utu.fi\/mathdays16\/wp-json\/wp\/v2\/pages\/96\/revisions"}],"predecessor-version":[{"id":494,"href":"https:\/\/math.utu.fi\/mathdays16\/wp-json\/wp\/v2\/pages\/96\/revisions\/494"}],"wp:attachment":[{"href":"https:\/\/math.utu.fi\/mathdays16\/wp-json\/wp\/v2\/media?parent=96"}],"curies":[{"name":"wp","href":"https:\/\/api.w.org\/{rel}","templated":true}]}}