{"id":272,"date":"2019-09-27T09:58:37","date_gmt":"2019-09-27T07:58:37","guid":{"rendered":"http:\/\/math.utu.fi\/salomaaprize\/?page_id=272"},"modified":"2019-09-27T10:09:28","modified_gmt":"2019-09-27T08:09:28","slug":"2019-artur-jez","status":"publish","type":"page","link":"https:\/\/math.utu.fi\/salomaaprize\/prize-winners\/2019-artur-jez\/","title":{"rendered":"2019: Artur Je\u017c"},"content":{"rendered":"<p>The second international Salomaa Prize was given to Dr. Artur Je\u017c from Wroc\u0142aw. The prize ceremonies took place in Warsaw, in the annual DLT (<a href=\"http:\/\/math.utu.fi\/dlt\/\">Developments in Language Theory<\/a>) conference.<\/p>\n<p>Artur Je\u017c received the Salomaa prize 2019 for his impressive series of single author papers at STACS 2012, ICALP 2012, STACS 2013, ICALP 2014, and ICALP 2017. In these papers he developed the recompression technique that changed the perspective on word equations drastically, led to various unexpected results and had significant impact in a wide spectrum of areas from unification to group theory.<\/p>\n<p>The Prize winner was selected by Salomaa Prize committee consisting of Mikhail Volkov (chair), Juhani Karhum\u00e4ki and Dominique Perrin. The award consists of a diploma and 2000 euros prize money. The award was funded by the University of Turku, Finland, the home university of Arto Salomaa.<\/p>\n<figure id=\"attachment_284\" aria-describedby=\"caption-attachment-284\" style=\"width: 300px\" class=\"wp-caption aligncenter\"><img loading=\"lazy\" decoding=\"async\" src=\"http:\/\/math.utu.fi\/salomaaprize\/wp-content\/uploads\/sites\/23\/2019\/09\/jvk-300x185.jpg\" alt=\"\" width=\"300\" height=\"185\" class=\"size-medium wp-image-284\" srcset=\"https:\/\/math.utu.fi\/salomaaprize\/wp-content\/uploads\/sites\/23\/2019\/09\/jvk-300x185.jpg 300w, https:\/\/math.utu.fi\/salomaaprize\/wp-content\/uploads\/sites\/23\/2019\/09\/jvk-768x474.jpg 768w, https:\/\/math.utu.fi\/salomaaprize\/wp-content\/uploads\/sites\/23\/2019\/09\/jvk-1024x632.jpg 1024w, https:\/\/math.utu.fi\/salomaaprize\/wp-content\/uploads\/sites\/23\/2019\/09\/jvk-825x510.jpg 825w, https:\/\/math.utu.fi\/salomaaprize\/wp-content\/uploads\/sites\/23\/2019\/09\/jvk.jpg 1232w\" sizes=\"auto, (max-width: 300px) 100vw, 300px\" \/><figcaption id=\"caption-attachment-284\" class=\"wp-caption-text\">The Salomaa Prize winner Artur Je\u017c (left) with award committee members Mikhail Volkov and Juhani Karhum\u00e4ki.<\/figcaption><\/figure>\n<p><figure id=\"attachment_290\" aria-describedby=\"caption-attachment-290\" style=\"width: 199px\" class=\"wp-caption alignleft\"><img loading=\"lazy\" decoding=\"async\" src=\"http:\/\/math.utu.fi\/salomaaprize\/wp-content\/uploads\/sites\/23\/2019\/09\/jez-199x300.jpg\" alt=\"\" width=\"199\" height=\"300\" class=\"size-medium wp-image-290\" srcset=\"https:\/\/math.utu.fi\/salomaaprize\/wp-content\/uploads\/sites\/23\/2019\/09\/jez-199x300.jpg 199w, https:\/\/math.utu.fi\/salomaaprize\/wp-content\/uploads\/sites\/23\/2019\/09\/jez-768x1160.jpg 768w, https:\/\/math.utu.fi\/salomaaprize\/wp-content\/uploads\/sites\/23\/2019\/09\/jez-678x1024.jpg 678w, https:\/\/math.utu.fi\/salomaaprize\/wp-content\/uploads\/sites\/23\/2019\/09\/jez.jpg 816w\" sizes=\"auto, (max-width: 199px) 100vw, 199px\" \/><figcaption id=\"caption-attachment-290\" class=\"wp-caption-text\">Dr. Artur Je\u017c.<\/figcaption><\/figure><figure id=\"attachment_296\" aria-describedby=\"caption-attachment-296\" style=\"width: 212px\" class=\"wp-caption alignright\"><img loading=\"lazy\" decoding=\"async\" src=\"http:\/\/math.utu.fi\/salomaaprize\/wp-content\/uploads\/sites\/23\/2019\/09\/diploma-212x300.png\" alt=\"\" width=\"212\" height=\"300\" class=\"size-medium wp-image-296\" srcset=\"https:\/\/math.utu.fi\/salomaaprize\/wp-content\/uploads\/sites\/23\/2019\/09\/diploma-212x300.png 212w, https:\/\/math.utu.fi\/salomaaprize\/wp-content\/uploads\/sites\/23\/2019\/09\/diploma-768x1086.png 768w, https:\/\/math.utu.fi\/salomaaprize\/wp-content\/uploads\/sites\/23\/2019\/09\/diploma-724x1024.png 724w, https:\/\/math.utu.fi\/salomaaprize\/wp-content\/uploads\/sites\/23\/2019\/09\/diploma.png 842w\" sizes=\"auto, (max-width: 212px) 100vw, 212px\" \/><figcaption id=\"caption-attachment-296\" class=\"wp-caption-text\">The award diploma.<\/figcaption><\/figure><\/p>\n<div class=\"pvc_clear\"><\/div>\n<p id=\"pvc_stats_272\" class=\"pvc_stats all  \" data-element-id=\"272\" style=\"\"><i class=\"pvc-stats-icon medium\" aria-hidden=\"true\"><svg aria-hidden=\"true\" focusable=\"false\" data-prefix=\"far\" data-icon=\"chart-bar\" role=\"img\" xmlns=\"http:\/\/www.w3.org\/2000\/svg\" viewBox=\"0 0 512 512\" class=\"svg-inline--fa fa-chart-bar fa-w-16 fa-2x\"><path fill=\"currentColor\" d=\"M396.8 352h22.4c6.4 0 12.8-6.4 12.8-12.8V108.8c0-6.4-6.4-12.8-12.8-12.8h-22.4c-6.4 0-12.8 6.4-12.8 12.8v230.4c0 6.4 6.4 12.8 12.8 12.8zm-192 0h22.4c6.4 0 12.8-6.4 12.8-12.8V140.8c0-6.4-6.4-12.8-12.8-12.8h-22.4c-6.4 0-12.8 6.4-12.8 12.8v198.4c0 6.4 6.4 12.8 12.8 12.8zm96 0h22.4c6.4 0 12.8-6.4 12.8-12.8V204.8c0-6.4-6.4-12.8-12.8-12.8h-22.4c-6.4 0-12.8 6.4-12.8 12.8v134.4c0 6.4 6.4 12.8 12.8 12.8zM496 400H48V80c0-8.84-7.16-16-16-16H16C7.16 64 0 71.16 0 80v336c0 17.67 14.33 32 32 32h464c8.84 0 16-7.16 16-16v-16c0-8.84-7.16-16-16-16zm-387.2-48h22.4c6.4 0 12.8-6.4 12.8-12.8v-70.4c0-6.4-6.4-12.8-12.8-12.8h-22.4c-6.4 0-12.8 6.4-12.8 12.8v70.4c0 6.4 6.4 12.8 12.8 12.8z\" class=\"\"><\/path><\/svg><\/i> <img loading=\"lazy\" decoding=\"async\" width=\"16\" height=\"16\" alt=\"Loading\" src=\"https:\/\/math.utu.fi\/salomaaprize\/wp-content\/plugins\/page-views-count\/ajax-loader-2x.gif\" border=0 \/><\/p>\n<div class=\"pvc_clear\"><\/div>\n","protected":false},"excerpt":{"rendered":"<p>The second international Salomaa Prize was given to Dr. Artur Je\u017c from Wroc\u0142aw. The prize ceremonies took place in Warsaw, in the annual DLT (Developments in Language Theory) conference. Artur Je\u017c received the Salomaa prize 2019 for his impressive series of single author papers at STACS 2012, ICALP 2012, STACS 2013, ICALP 2014, and ICALP &hellip; <a href=\"https:\/\/math.utu.fi\/salomaaprize\/prize-winners\/2019-artur-jez\/\" class=\"more-link\">Continue reading <span class=\"screen-reader-text\">2019: Artur Je\u017c<\/span><\/a><\/p>\n<div class=\"pvc_clear\"><\/div>\n<p id=\"pvc_stats_272\" class=\"pvc_stats all  \" data-element-id=\"272\" style=\"\"><i class=\"pvc-stats-icon medium\" aria-hidden=\"true\"><svg aria-hidden=\"true\" focusable=\"false\" data-prefix=\"far\" data-icon=\"chart-bar\" role=\"img\" xmlns=\"http:\/\/www.w3.org\/2000\/svg\" viewBox=\"0 0 512 512\" class=\"svg-inline--fa fa-chart-bar fa-w-16 fa-2x\"><path fill=\"currentColor\" d=\"M396.8 352h22.4c6.4 0 12.8-6.4 12.8-12.8V108.8c0-6.4-6.4-12.8-12.8-12.8h-22.4c-6.4 0-12.8 6.4-12.8 12.8v230.4c0 6.4 6.4 12.8 12.8 12.8zm-192 0h22.4c6.4 0 12.8-6.4 12.8-12.8V140.8c0-6.4-6.4-12.8-12.8-12.8h-22.4c-6.4 0-12.8 6.4-12.8 12.8v198.4c0 6.4 6.4 12.8 12.8 12.8zm96 0h22.4c6.4 0 12.8-6.4 12.8-12.8V204.8c0-6.4-6.4-12.8-12.8-12.8h-22.4c-6.4 0-12.8 6.4-12.8 12.8v134.4c0 6.4 6.4 12.8 12.8 12.8zM496 400H48V80c0-8.84-7.16-16-16-16H16C7.16 64 0 71.16 0 80v336c0 17.67 14.33 32 32 32h464c8.84 0 16-7.16 16-16v-16c0-8.84-7.16-16-16-16zm-387.2-48h22.4c6.4 0 12.8-6.4 12.8-12.8v-70.4c0-6.4-6.4-12.8-12.8-12.8h-22.4c-6.4 0-12.8 6.4-12.8 12.8v70.4c0 6.4 6.4 12.8 12.8 12.8z\" class=\"\"><\/path><\/svg><\/i> <img loading=\"lazy\" decoding=\"async\" width=\"16\" height=\"16\" alt=\"Loading\" src=\"https:\/\/math.utu.fi\/salomaaprize\/wp-content\/plugins\/page-views-count\/ajax-loader-2x.gif\" border=0 \/><\/p>\n<div class=\"pvc_clear\"><\/div>\n","protected":false},"author":29,"featured_media":0,"parent":127,"menu_order":0,"comment_status":"closed","ping_status":"closed","template":"","meta":{"footnotes":""},"class_list":["post-272","page","type-page","status-publish","hentry"],"_links":{"self":[{"href":"https:\/\/math.utu.fi\/salomaaprize\/wp-json\/wp\/v2\/pages\/272","targetHints":{"allow":["GET"]}}],"collection":[{"href":"https:\/\/math.utu.fi\/salomaaprize\/wp-json\/wp\/v2\/pages"}],"about":[{"href":"https:\/\/math.utu.fi\/salomaaprize\/wp-json\/wp\/v2\/types\/page"}],"author":[{"embeddable":true,"href":"https:\/\/math.utu.fi\/salomaaprize\/wp-json\/wp\/v2\/users\/29"}],"replies":[{"embeddable":true,"href":"https:\/\/math.utu.fi\/salomaaprize\/wp-json\/wp\/v2\/comments?post=272"}],"version-history":[{"count":12,"href":"https:\/\/math.utu.fi\/salomaaprize\/wp-json\/wp\/v2\/pages\/272\/revisions"}],"predecessor-version":[{"id":375,"href":"https:\/\/math.utu.fi\/salomaaprize\/wp-json\/wp\/v2\/pages\/272\/revisions\/375"}],"up":[{"embeddable":true,"href":"https:\/\/math.utu.fi\/salomaaprize\/wp-json\/wp\/v2\/pages\/127"}],"wp:attachment":[{"href":"https:\/\/math.utu.fi\/salomaaprize\/wp-json\/wp\/v2\/media?parent=272"}],"curies":[{"name":"wp","href":"https:\/\/api.w.org\/{rel}","templated":true}]}}